{"id":134119,"date":"2024-04-12T13:55:21","date_gmt":"2024-04-12T11:55:21","guid":{"rendered":"https:\/\/www.stdaniel.si\/?page_id=134119"},"modified":"2024-04-12T13:56:12","modified_gmt":"2024-04-12T11:56:12","slug":"srecajmo-kras","status":"publish","type":"page","link":"https:\/\/www.stdaniel.si\/en\/srecajmo-kras\/","title":{"rendered":"sre\u010dajmo kras"},"content":{"rendered":"<div class=\"wpb-content-wrapper\"><p>[vc_row row_height_percent=&#8221;0&#8243; override_padding=&#8221;yes&#8221; h_padding=&#8221;2&#8243; top_padding=&#8221;3&#8243; bottom_padding=&#8221;2&#8243; overlay_alpha=&#8221;50&#8243; equal_height=&#8221;yes&#8221; gutter_size=&#8221;3&#8243; column_width_percent=&#8221;100&#8243; shift_y=&#8221;0&#8243; z_index=&#8221;0&#8243; uncode_shortcode_id=&#8221;669620&#8243;][vc_column column_width_percent=&#8221;100&#8243; position_horizontal=&#8221;left&#8221; gutter_size=&#8221;3&#8243; overlay_alpha=&#8221;50&#8243; shift_x=&#8221;0&#8243; shift_y=&#8221;0&#8243; shift_y_down=&#8221;0&#8243; z_index=&#8221;0&#8243; medium_width=&#8221;0&#8243; mobile_width=&#8221;0&#8243; width=&#8221;1\/1&#8243; uncode_shortcode_id=&#8221;195914&#8243;][vc_column_text uncode_shortcode_id=&#8221;171966&#8243;]<\/p>\n<ul>\n<li>Projekt je finan\u010dno podprt s strani\u00a0<a href=\"https:\/\/ec.europa.eu\/agriculture\/rural-development-2014-2020_sl\" target=\"_blank\" rel=\"noopener\">Evropske komisije<\/a>Ve\u010d o samem programu na spletni\u00a0strani\u00a0<a href=\"https:\/\/www.program-podezelja.si\/sl\/\" target=\"_blank\" rel=\"noopener\">PRP (Program razvoja pode\u017eelja)<\/a><strong>Povzetek operacije:<\/strong>\u00a0Vodilni partner ART NEPREMI\u010cNINE d.o.o. se \u017eeli skupaj s svojimi lokalnimi partnerji na turisti\u010dni trg dodatno umestiti s prepoznavno turisti\u010dno ponudbo, ki bo osnovana na inovativnem mre\u017enem produktu, na odnosu do lokalne ekolo\u0161ke gastronomije, naravne in kulturne dedi\u0161\u010dine ter dru\u017ebene odgovornosti.\n<p>Mre\u017eo ponudnikov SRE\u010cAJmo KRAS \u2013 Krasmeet sestavljajo:<\/p>\n<ol>\n<li><strong>vodilni partner Art nepremi\u010dnine d.o.o.<\/strong>, ki vodi ekolo\u0161ki turisti\u010dni objekt St. Daniel in je eden od dveh slovenskih ponudnikov (edini na Krasu) v skupini Die BioHotels, najve\u010dji evropski verigi ekolo\u0161kih turisti\u010dnih nastanitev.<\/li>\n<li><strong>partnerji v projektu<\/strong>\u00a0\u017eelijo nadgraditi dosedanje medsebojno sodelovanje s povezavo v mre\u017eo, ki bo skupno nastopala tudi na turisti\u010dnem trgu (doma in v tujini) in z novim, skupnim produktom obiskovalcem na osmi\u0161ljen in organiziran na\u010din ponudila do\u017eivljanje ekolo\u0161kega in izvirnega Krasa. V mre\u017eo se\u00a0<strong>vklju\u010dujejo ekolo\u0161ka kmetija Brinjevka d.o.o., so.p, biodinami\u010dna kmetija Kamnarjevi, kmetija \u0160kapin \u2013 dopolnilna dejavnost na kmetiji (sirarstvo), Vinarstvo \u010cotar in ekolo\u0161ka kmetija Brhanovi, \u017eganjekuha Ginbrin Erik Sarki\u010d s.p., kamnose\u0161tvo Simon Bele s.p. ter Dru\u0161tvo Vezi<\/strong>.<\/li>\n<\/ol>\n<p>Spodbuda za tovrstno povezovanje in oblikovanje skupnega produkta je lasten izra\u017een interes, pa tudi razmah tako imenovanega \u00bbnovega turizma\u00ab, kjer popotniki ka\u017eejo vi\u0161ji nivo okoljske in kulturne osve\u0161\u010denosti, kar pomeni, da so bolj zahtevni, imajo vi\u0161ja pri\u010dakovanja, se zavedajo svojega vpliva in \u017eelijo osebno vloge pri izbiri do\u017eivetij. Za nosilca projekta in partnerje je edina izbira ekolo\u0161ki turizem oz. ekolo\u0161ko kmetijstvo, kjer se zasleduje nizkooglji\u010dnost in spodbuja kupce\/goste, da izbirajo tudi v turizmu take mo\u017enosti in korake, ki so okolju manj \u0161kodljive (npr.: uporaba kolesa, elektri\u010dnega avtomobila\u2026).<\/p>\n<p>Okvir produkta predstavlja spoznavanje izvora nekaterih kra\u0161kih ekolo\u0161kih \u017eivil, njihovih nosilcev in lokacij. Vsak od partnerjev v mre\u017ei je aktivno vklju\u010den v izvajanje produkta, saj postane gostitelj turisti\u010dnih ciljnih skupin, kar je za kmetije nekaj novega. Poleg osnovnih dogajanj, ki so povezane s predstavitvijo lokacije, izdelkov, postopkov pridelave, degustacijami, se posamezna dogajanja prilagodi sezoni in zanimanju, ki ga izka\u017eejo gostje na lokaciji sami. Spodbuja se aktivna vloga udele\u017eencev v dogajanju. Obiskovalci zaklju\u010dijo svoj obisk posamezne lokacije\/ponudnika s pridobitvijo fotografije, s katero dopolnjujejo svoj spominski foto album, ki ga po zaklju\u010denih po\u010ditnicah odnesejo s seboj domov. Turisti\u010dni paketi s poudarkom na ekolo\u0161kem Krasu bodo vsebinsko raz\u0161irjeni s tistimi naravnimi in kulturnimi biseri Krasa, ki ga zaznamujejo, razlikujejo, opredeljujejo in jih \u017eelimo gostom \u0161e posebej predstaviti.<\/p>\n<p>S povezovanjem oz. mre\u017eenjem ponudnikov na Krasu se \u017eeli postaviti pilotni primer, katerega cilj je razvoj novega dru\u017ebeno odgovornega inovativnega turisti\u010dnega produkta s skupno promocijo in tr\u017eenjem. Soo\u010dili se bomo z izzivi ohranjanja in razvoja kmetijstva v okviru kratkih dobavnih verig in verig, ki obvladujejo tr\u017eni prostor na podro\u010dju turizma ter vklju\u010dili ponudnike, ki \u017ee dolgo gojijo spo\u0161tljiv odnos do narave in dedi\u0161\u010dine Krasa. Ekolo\u0161ka \u017eivila niso pomembna zgolj kot zdrava hrana, ampak spodbujajo tudi na\u010dela pravi\u010dne trgovine in odgovornosti do okolja. Z vzpostavitvijo mre\u017ee in mre\u017enim produktom nastaja primer dobre prakse in dejaven nagovor lokalnim ponudnikom z drugih podro\u010dij delovanja za podobna mre\u017ena povezovanja in skupne nastope ne samo na doma\u010dem, pa\u010d pa tudi oziroma predvsem na tujih trgih.<\/p>\n<p><strong>Glavne dejavnosti za doseganje ciljev:<\/strong>\u00a0Znotraj prijavljenega produkta na\u010drtujemo ustanovitev in razvoj mre\u017ee SRE\u010cAJmo KRAS-KRASMEET ter njeno promocijo, izdelali bomo programsko nalogo (\u0161tudijo) in znotraj nje razviti nov mre\u017eni turisti\u010dni produkt, oblikovali bomo skupne turisti\u010dne pakete za tr\u017eenje ciljnim skupinam zlasti na tujih trgih v \u010dasovnih in vsebinskih razli\u010dicah (\u0161tirje avtorski turisti\u010dni paketi, ki vsebujejo ponudbe partnerjev raz\u0161irjene z lokalnimi znamenitosti), izvedli bomo \u0161tiri izobra\u017eevalne delavnice (mre\u017eenje, razvoj novih produktov s poudarkom na nizkooglji\u010dnih produktih, pristop do novih kupcev \u2013 s poudarkom na kratkih dobavnih verigah ter predstavitev zaklju\u010dkov projekta), izvedli bomo inovativni promocijski materiala &#8211; foto album opremljen s samostojnimi fotografijami in ve\u010djezi\u010dnimi besedili s predstavitvami partnerjev in znamenitosti, nov turisti\u010dni produkt bomo ogla\u0161evali prek FB in spletnih strani vodilnega partnerja ter nekaterih ostalih partnerjev, sklenili bomo dogovor o testnem tr\u017eenju turisti\u010dnega produkta in paketov s turisti\u010dno agencijo na italijanskem trgu.<\/p>\n<p>Razmi\u0161ljanje o dolgoro\u010dni vzdr\u017enosti mre\u017enega produkta zahteva tudi na\u010drtovanje dveh temeljih zadev: upravljanja in na\u010drtovanja \u2013 \u0161irjenja mre\u017ee z novimi akterji in redno osve\u017eitev oz. nadgradnjo produkta z novimi vsebinami, kar bo prispevalo k trajnosti in uspe\u0161nosti obojega predvsem po zaklju\u010dku projekta.<\/p>\n<p><strong>Operativni cilji in rezultati operacije:<\/strong><\/p>\n<ul>\n<li>Ustanovitev partnerske mre\u017ee lokalnih ponudnikov SRE\u010cAJmo KRAS \u2013 KRASmeet, ki izhajajo iz razli\u010dnih resorjev (turizem, kmetijstvo, socialno podjetni\u0161tvo, obrt&#8230;) z namenom poslovnega povezovanja s skupnim mre\u017enim produktom;<\/li>\n<li>Sodelovanje ranljivih skupin pri izvedbi delavnic, vklju\u010ditev ranljivih skupin v razvijanje in izvajanje dru\u017ebeno odgovornega produkta;<\/li>\n<li>Izgradnja novega turisti\u010dnega produkta, ki spo\u0161tuje in predstavlja kulturno avtenti\u010dnost lokalnega okolja Krasa. Nov turisti\u010dni produkt bo predstavljen skozi 4 turisti\u010dne pakete in je sestavljen iz ponudbe vseh partnerjev;<\/li>\n<li>Izvedba 7 scenarijev dogajanja (ki bodo vklju\u010deni v turisti\u010dne pakete) za goste na vsaki od lokacij partnerjev v projektu;<\/li>\n<li>Skupno tr\u017eenje turisti\u010dnega produkta oz. umestitev novega mre\u017enega turisti\u010dnega proizvoda na trg \u2013 sklenitev dogovora s turisti\u010dno agencijo na tujem trgu, tr\u017eenje preko spletne strani partnerja prijavitelja (vsaj dve novi tr\u017eni poti);<\/li>\n<li>Skupna promocija (kot element tr\u017eenja) \u2013 izdelava skupnega promocijskega materiala in materialov za objavo na spletu, promocija mre\u017ee in produkta na spletnih straneh in socialnih omre\u017ejih partnerjev;<\/li>\n<li>Izmenjava znanj in izku\u0161enj \u2013 izvedba delavnic o mre\u017eenju, novih produktih, tr\u017eenju, kratkih dobavnih verigah, nizkooglji\u010dnosti in evalvaciji;<\/li>\n<li>Vzpostavitev pogojev za poslovno rast prijavitelja in partnerjev za zagotovitev novih delovnih mest;<\/li>\n<li>S promocijo trajnostnega turizma (aktualni trend LOHAS &#8211; Lifestyle of Health and Sustainability), ozavestiti dobavitelje in ponudnike v turizmu, kaj vpliva na zmanj\u0161anje kvarnih vplivov na okolje.<\/li>\n<\/ul>\n<p>Za ogled povzetka programske naloge kliknite na spodnji link:<\/p>\n<p><a href=\"https:\/\/stdaniel.si\/datoteke\/SRECAJmo-KRAS-KRASmeet-Povzetek-programske-naloge.pdf\" target=\"_blank\" rel=\"noopener\"><strong>Vzpostavitev mre\u017ee KRASmeet prek mre\u017enega turisti\u010dnega produkta SRE\u010cAJmo KRAS-KRASmeet (povzetek programske naloge)<\/strong><\/a><\/p>\n<p>Za ogled poro\u010dila delavnice Razvoj turisti\u010dnih produktov kliknite na spodnji link:<\/p>\n<p><a href=\"https:\/\/stdaniel.si\/datoteke\/Poro%C4%8Dilo%20delavnice%20Razvoj%20turisti%C4%8Dnih%20produktov%20-%20s%20poudarkom%20na%20buti%C4%8Dnosti%20ekolo%C5%A1kem%20turizmu%20inovativnosti%20nizkooglji%C4%8Dnosti.pdf\" target=\"_blank\" rel=\"noopener\"><strong>Poro\u010dilo delavnice Razvoj turisti\u010dnih produktov &#8211; s poudarkom na buti\u010dnosti ekolo\u0161kem turizmu inovativnosti nizkooglji\u010dnosti<\/strong><\/a><\/li>\n<\/ul>\n<p>[\/vc_column_text][\/vc_column][\/vc_row][vc_row row_height_percent=&#8221;0&#8243; override_padding=&#8221;yes&#8221; h_padding=&#8221;2&#8243; top_padding=&#8221;3&#8243; bottom_padding=&#8221;2&#8243; overlay_alpha=&#8221;50&#8243; equal_height=&#8221;yes&#8221; gutter_size=&#8221;3&#8243; column_width_percent=&#8221;100&#8243; shift_y=&#8221;0&#8243; z_index=&#8221;0&#8243; uncode_shortcode_id=&#8221;669620&#8243;][vc_column column_width_percent=&#8221;100&#8243; position_horizontal=&#8221;left&#8221; gutter_size=&#8221;3&#8243; overlay_alpha=&#8221;50&#8243; shift_x=&#8221;0&#8243; shift_y=&#8221;0&#8243; shift_y_down=&#8221;0&#8243; z_index=&#8221;0&#8243; medium_width=&#8221;0&#8243; mobile_width=&#8221;0&#8243; width=&#8221;1\/2&#8243; uncode_shortcode_id=&#8221;195914&#8243;][vc_single_image media=&#8221;134105&#8243; media_width_percent=&#8221;100&#8243; uncode_shortcode_id=&#8221;825822&#8243;][\/vc_column][vc_column width=&#8221;1\/2&#8243;][\/vc_column][\/vc_row]<\/p>\n<\/div>","protected":false},"excerpt":{"rendered":"<p>[vc_row row_height_percent=&#8221;0&#8243; override_padding=&#8221;yes&#8221; h_padding=&#8221;2&#8243; top_padding=&#8221;3&#8243; bottom_padding=&#8221;2&#8243; overlay_alpha=&#8221;50&#8243; equal_height=&#8221;yes&#8221; gutter_size=&#8221;3&#8243; column_width_percent=&#8221;100&#8243; shift_y=&#8221;0&#8243; z_index=&#8221;0&#8243; uncode_shortcode_id=&#8221;669620&#8243;][vc_column column_width_percent=&#8221;100&#8243; position_horizontal=&#8221;left&#8221; gutter_size=&#8221;3&#8243; overlay_alpha=&#8221;50&#8243; shift_x=&#8221;0&#8243; shift_y=&#8221;0&#8243; shift_y_down=&#8221;0&#8243; [&hellip;]<\/p>\n","protected":false},"author":2,"featured_media":0,"parent":0,"menu_order":0,"comment_status":"closed","ping_status":"closed","template":"","meta":{"footnotes":""},"class_list":["post-134119","page","type-page","status-publish","hentry"],"_links":{"self":[{"href":"https:\/\/www.stdaniel.si\/en\/wp-json\/wp\/v2\/pages\/134119","targetHints":{"allow":["GET"]}}],"collection":[{"href":"https:\/\/www.stdaniel.si\/en\/wp-json\/wp\/v2\/pages"}],"about":[{"href":"https:\/\/www.stdaniel.si\/en\/wp-json\/wp\/v2\/types\/page"}],"author":[{"embeddable":true,"href":"https:\/\/www.stdaniel.si\/en\/wp-json\/wp\/v2\/users\/2"}],"replies":[{"embeddable":true,"href":"https:\/\/www.stdaniel.si\/en\/wp-json\/wp\/v2\/comments?post=134119"}],"version-history":[{"count":0,"href":"https:\/\/www.stdaniel.si\/en\/wp-json\/wp\/v2\/pages\/134119\/revisions"}],"wp:attachment":[{"href":"https:\/\/www.stdaniel.si\/en\/wp-json\/wp\/v2\/media?parent=134119"}],"curies":[{"name":"wp","href":"https:\/\/api.w.org\/{rel}","templated":true}]}}